{"id":172,"date":"2016-10-14T19:18:02","date_gmt":"2016-10-14T19:18:02","guid":{"rendered":"http:\/\/www.tipperarydrama.ie\/?page_id=172"},"modified":"2026-03-04T10:42:53","modified_gmt":"2026-03-04T10:42:53","slug":"2014-festival","status":"publish","type":"page","link":"https:\/\/www.tipperarydrama.ie\/?page_id=172","title":{"rendered":"2014 Festival"},"content":{"rendered":"<h2><span style=\"color: #000000;\">THE CO. TIPPERARY DRAMA FESTIVAL 2014<\/span><\/h2>\n<p><span style=\"color: #0000ff;\">www.tipperarydrama.ie <\/span><\/p>\n<p><span style=\"color: #000000;\"><span style=\"color: #0000ff;\">Email:<\/span> donal@dugganvet.ie<\/span><\/p>\n<p><span style=\"color: #000000;\"><span style=\"color: #0000ff;\">Festival Director :<\/span> Donal Duggan, Holycross, Co.Tipperary<\/span><\/p>\n<p><span style=\"color: #000000;\"><span style=\"color: #0000ff;\">Phone:<\/span>0504-43169 [W] <span style=\"color: #0000ff;\">Mob.<\/span> 086-257 5159 <span style=\"color: #0000ff;\">Fax:<\/span>0504-43147<\/span><\/p>\n<p><span style=\"color: #000000;\"><span style=\"color: #0000ff;\">Adjudicator:<\/span> Donal Courtney<\/span><\/p>\n<p>&nbsp;<\/p>\n<h2>RESULTS :<\/h2>\n<p>&nbsp;<\/p>\n<h4><span style=\"color: #000000;\">OVERALL<\/span><\/h4>\n<p><span style=\"color: #000000;\"><span style=\"color: #ff0000;\">(P)<\/span> HANNIFIN CUP (Entertaining Play) 13 Rue De L\u2019Amour-Brideview DG, Tallow<\/span><\/p>\n<p><span style=\"color: #000000;\"><span style=\"color: #ff0000;\">(A)<\/span> GALLAGHER AWARD for most promising actor\/actress \u2013Sean Aherne as Einstein,Palace<\/span><\/p>\n<p><span style=\"color: #000000;\"><span style=\"color: #ff0000;\">(P)<\/span> DR.MORRIS MEMORIAL CUP [ Tipperary Group) Moyne D.G.<\/span><\/p>\n<p><span style=\"color: #000000;\"><span style=\"color: #ff0000;\">(P)<\/span> BEST SET OVERALL[Josie Slattery Perptual Trophy] Brideview D.G. , Tallow<\/span><\/p>\n<p><span style=\"color: #000000;\"><span style=\"color: #ff0000;\">(C) 1st<\/span> ADJUDICATOR AWARD \u2013 Dooega D.G. (Original home written play)<\/span><\/p>\n<p><span style=\"color: #000000;\"><span style=\"color: #ff0000;\">(C) 2nd<\/span> ADJUDICATOR AWARD \u201c Palace Players,Fermoy (Inovationfor WW1 footage)<\/span><\/p>\n<p><span style=\"color: #000000;\">&#8212;&#8212;&#8212;&#8212;&#8212;&#8212;&#8212;&#8212;&#8212;&#8212;&#8212;&#8212;&#8212;&#8212;&#8212;&#8212;&#8212;&#8212;&#8212;&#8212;&#8212;&#8212;&#8212;&#8212;&#8212;&#8212;&#8212;&#8212;&#8212;&#8212;&#8212;&#8212;&#8212;&#8212;&#8212;&#8212;&#8212;&#8212;&#8212;&#8212;&#8212;&#8212;&#8212;&#8212;&#8212;&#8212;&#8212;&#8212;&#8212;&#8212;&#8212;&#8212;-<\/span><\/p>\n<h4><span style=\"color: #000000;\">CONFINED<\/span><\/h4>\n<p><span style=\"color: #000000;\"><span style=\"color: #ff0000;\">(A)<\/span> BEST ACTOR : John Quinlan \/Jap (Kings of Kilburn High Rd)Moyne DG<\/span><\/p>\n<p><span style=\"color: #000000;\"><span style=\"color: #ff0000;\">(A)<\/span> BEST ACTRESS .. Mary Dixon\/ Moll (Garrymore D.G.<\/span><\/p>\n<p><span style=\"color: #000000;\"><span style=\"color: #ff0000;\">(B)<\/span> BEST SUPP.ACTOR.. Neal Higgins \/ Fr. Brest (Moll) Garrymore DG<\/span><\/p>\n<p><span style=\"color: #000000;\"><span style=\"color: #ff0000;\">(B)<\/span> BEST SUPP. ACTRESS..Nicola Coen \/Sally (On Such As We) D.A.D.S.<\/span><\/p>\n<p><span style=\"color: #000000;\"><span style=\"color: #ff0000;\">3rd<\/span> On Such As We ( D.A.D.S. , Dunmore<\/span><\/p>\n<p><span style=\"color: #000000;\"><span style=\"color: #ff0000;\">2nd<\/span> The Kings of Kilburn High Road Moyne D.G.<\/span><\/p>\n<p><span style=\"color: #000000;\"><span style=\"color: #ff0000;\">(P)<\/span> 1st Tipperary Star Cup Moll Garrymore D.G.<\/span><\/p>\n<p><span style=\"color: #000000;\"><span style=\"color: #ff0000;\">(A)<\/span> BEST PRODUCER &#8212; Gerard Lynskey &#8211; Garrymore D.G.<\/span><\/p>\n<p>&nbsp;<\/p>\n<h4><span style=\"color: #000000;\">OPEN\u00a0<\/span><\/h4>\n<p><span style=\"color: #000000;\"><span style=\"color: #ff0000;\">(A&amp; P)<\/span> BEST ACTOR (Matthew Bourke) Robert Massey in Boeing Boeing\/Prosperous<\/span><\/p>\n<p><span style=\"color: #000000;\"><span style=\"color: #ff0000;\">(A)<\/span> BEST ACTRESS .. Niamh Hogan in The Outgoing Tide \/ Nenagh D.G.<\/span><\/p>\n<p><span style=\"color: #000000;\"><span style=\"color: #ff0000;\">(B)<\/span> BEST SUPP.ACTOR \u2013Denis O\u2019Sullivan as Sean \/The Walworth Farce \/Kilmeen<\/span><\/p>\n<p><span style=\"color: #000000;\"><span style=\"color: #ff0000;\">(B)<\/span> BEST SUPP.ACTRESS.. Zita McGarry-Kelly as Bertha\/Boeing Boeing\/Prosperous<\/span><\/p>\n<p><span style=\"color: #000000;\"><span style=\"color: #ff0000;\">3rd<\/span> \u201cEinstein\u2019s Gift \u201c Palace Players ,Fermoy<\/span><\/p>\n<p><span style=\"color: #000000;\"><span style=\"color: #ff0000;\">2nd<\/span> \u201c The Outgoing Tide- Nenagh D.G.<\/span><\/p>\n<p><span style=\"color: #000000;\"><span style=\"color: #ff0000;\">(P) 1st<\/span> TIPP FM TROPHY \u201c Boeing Boeing \u2013 Prosperous D.G.<\/span><\/p>\n<p><span style=\"color: #000000;\"><span style=\"color: #ff0000;\">(A)<\/span> BEST PRODUCER: (Frank Gleeson Award) Lurlene Duggan<\/span><\/p>\n<p><span style=\"color: #000000;\">Schools Drama:WINNER :Presentation Convent,Thurles : Bog Oak-Ursuline Convent, Thurles<\/span><\/p>\n<p>&nbsp;<\/p>\n<h3><span style=\"color: #000000;\">\u00a0<\/span><\/h3>\n<p><span style=\"color: #0000ff;\">Fri 21st March D.A.D.S., Dunmore &#8216;On Such as We&#8217; Billy Roche <strong>3th<\/strong><br \/>\n<\/span><\/p>\n<p><span style=\"color: #0000ff;\">Sat 22nd March Garrymore Drama Group &#8216;Moll&#8217; John B Keane <strong>1st<\/strong><\/span><\/p>\n<p><span style=\"color: #ff0000;\">Sun 23rd March Kilmeen Drama Group &#8216;The Walworth Farce&#8217; Enda Walsh<\/span><\/p>\n<p><span style=\"color: #0000ff;\">Mon 24th March Dooega Drama Group &#8216;Done Deal&#8217; M\u00e1rt\u00e1n O&#8217;Mong\u00e1n<\/span><\/p>\n<p><span style=\"color: #ff0000;\">Tues 25th March Brideview Drama Group &#8217;13 Rue de L&#8217;Amour&#8217; Mawby Green &amp; Ed Fielbert<\/span><\/p>\n<p><span style=\"color: #ff0000;\">Wed 26th March Palace Players, Fermoy &#8216;Einstein&#8217;s Gift&#8217; Vern Thiessen <strong>3th<\/strong><\/span><\/p>\n<p><span style=\"color: #0000ff;\">Thurs 27th March Moyne Drama Group &#8216;The Kings Of Kilburn High Road&#8217; Jimmy Murphy <strong>2nd<\/strong><\/span><\/p>\n<p><span style=\"color: #ff0000;\">Fri 28th March Nenagh Players &#8216;The Outgoing Tide&#8217; Bruce Graham<strong> 2nd<\/strong><\/span><\/p>\n<p><span style=\"color: #ff0000;\">Sat 29th March Prosperous Dramatic Society &#8216;Boeing Boeing&#8217; Marc Camoletti <strong>1st<\/strong><\/span><\/p>\n","protected":false},"excerpt":{"rendered":"<p>THE CO. TIPPERARY DRAMA FESTIVAL 2014 www.tipperarydrama.ie Email: donal@dugganvet.ie Festival Director : Donal Duggan, Holycross, Co.Tipperary Phone:0504-43169 [W] Mob. 086-257 5159 Fax:0504-43147 Adjudicator: Donal Courtney &nbsp; RESULTS : &nbsp; OVERALL (P) HANNIFIN CUP (Entertaining Play) 13 Rue De L\u2019Amour-Brideview DG, Tallow (A) GALLAGHER AWARD for most promising actor\/actress \u2013Sean Aherne as Einstein,Palace (P) DR.MORRIS MEMORIAL<\/p>\n<p><a href=\"https:\/\/www.tipperarydrama.ie\/?page_id=172\" class=\"more-link themebutton\">Read More<\/a><\/p>\n","protected":false},"author":1,"featured_media":0,"parent":38,"menu_order":9,"comment_status":"open","ping_status":"closed","template":"","meta":{"footnotes":""},"class_list":["post-172","page","type-page","status-publish","hentry"],"_links":{"self":[{"href":"https:\/\/www.tipperarydrama.ie\/index.php?rest_route=\/wp\/v2\/pages\/172","targetHints":{"allow":["GET"]}}],"collection":[{"href":"https:\/\/www.tipperarydrama.ie\/index.php?rest_route=\/wp\/v2\/pages"}],"about":[{"href":"https:\/\/www.tipperarydrama.ie\/index.php?rest_route=\/wp\/v2\/types\/page"}],"author":[{"embeddable":true,"href":"https:\/\/www.tipperarydrama.ie\/index.php?rest_route=\/wp\/v2\/users\/1"}],"replies":[{"embeddable":true,"href":"https:\/\/www.tipperarydrama.ie\/index.php?rest_route=%2Fwp%2Fv2%2Fcomments&post=172"}],"version-history":[{"count":5,"href":"https:\/\/www.tipperarydrama.ie\/index.php?rest_route=\/wp\/v2\/pages\/172\/revisions"}],"predecessor-version":[{"id":334,"href":"https:\/\/www.tipperarydrama.ie\/index.php?rest_route=\/wp\/v2\/pages\/172\/revisions\/334"}],"up":[{"embeddable":true,"href":"https:\/\/www.tipperarydrama.ie\/index.php?rest_route=\/wp\/v2\/pages\/38"}],"wp:attachment":[{"href":"https:\/\/www.tipperarydrama.ie\/index.php?rest_route=%2Fwp%2Fv2%2Fmedia&parent=172"}],"curies":[{"name":"wp","href":"https:\/\/api.w.org\/{rel}","templated":true}]}}